{"id":2617,"date":"2017-10-10T00:00:00","date_gmt":"2017-10-10T05:00:00","guid":{"rendered":"http:\/\/www.texasouthouse.com\/es\/events-2\/"},"modified":"2022-03-30T15:12:56","modified_gmt":"2022-03-30T20:12:56","slug":"eventos","status":"publish","type":"page","link":"https:\/\/www.texasouthouse.com\/es\/eventos\/","title":{"rendered":"Eventos"},"content":{"rendered":"","protected":false},"excerpt":{"rendered":"<p>Apoyamos a eventos especiales en la zona Metropolitana de Houston con una variedad de servicios de recolecci\u00f3n de basura que cumplan con las necesidades espec\u00edficas del evento. Nuestro personal est\u00e1 equipado para moverse al sitio de su evento con contenedores de carga, botes de basura desechables y otros servicios que le ayudar\u00e1n a crear una atm\u00f3sfera positiva.<\/p>\n","protected":false},"author":2,"featured_media":0,"parent":0,"menu_order":0,"comment_status":"open","ping_status":"open","template":"","meta":{"_acf_changed":false,"_genesis_hide_title":false,"_genesis_hide_breadcrumbs":false,"_genesis_hide_singular_image":false,"_genesis_hide_footer_widgets":false,"_genesis_custom_body_class":"","_genesis_custom_post_class":"","_genesis_layout":"","footnotes":""},"class_list":{"0":"post-2617","1":"page","2":"type-page","3":"status-publish","5":"entry","6":"has-post-thumbnail"},"acf":[],"_links":{"self":[{"href":"https:\/\/www.texasouthouse.com\/es\/wp-json\/wp\/v2\/pages\/2617","targetHints":{"allow":["GET"]}}],"collection":[{"href":"https:\/\/www.texasouthouse.com\/es\/wp-json\/wp\/v2\/pages"}],"about":[{"href":"https:\/\/www.texasouthouse.com\/es\/wp-json\/wp\/v2\/types\/page"}],"author":[{"embeddable":true,"href":"https:\/\/www.texasouthouse.com\/es\/wp-json\/wp\/v2\/users\/2"}],"replies":[{"embeddable":true,"href":"https:\/\/www.texasouthouse.com\/es\/wp-json\/wp\/v2\/comments?post=2617"}],"version-history":[{"count":0,"href":"https:\/\/www.texasouthouse.com\/es\/wp-json\/wp\/v2\/pages\/2617\/revisions"}],"wp:attachment":[{"href":"https:\/\/www.texasouthouse.com\/es\/wp-json\/wp\/v2\/media?parent=2617"}],"curies":[{"name":"wp","href":"https:\/\/api.w.org\/{rel}","templated":true}]}}