{"id":2676,"date":"2019-04-04T15:18:13","date_gmt":"2019-04-04T20:18:13","guid":{"rendered":"http:\/\/www.texasouthouse.com\/es\/?page_id=2676"},"modified":"2020-11-30T13:30:37","modified_gmt":"2020-11-30T19:30:37","slug":"servicios-especiales","status":"publish","type":"page","link":"https:\/\/www.texasouthouse.com\/es\/servicios-especiales\/","title":{"rendered":"Servicios Especiales"},"content":{"rendered":"","protected":false},"excerpt":{"rendered":"<p>Trabajos especiales requieren servicios y habilidades especiales. Cuando las ofertas comunes y corrientes no son suficientes, nos esforzamos  y aseguramos para ofrecerle la soluci\u00f3n que permita que su trabajo \u00fanico est\u00e9 controlado.  <\/p>\n","protected":false},"author":2,"featured_media":0,"parent":0,"menu_order":0,"comment_status":"closed","ping_status":"closed","template":"","meta":{"_acf_changed":false,"_genesis_hide_title":false,"_genesis_hide_breadcrumbs":false,"_genesis_hide_singular_image":false,"_genesis_hide_footer_widgets":false,"_genesis_custom_body_class":"","_genesis_custom_post_class":"","_genesis_layout":"","footnotes":""},"class_list":{"0":"post-2676","1":"page","2":"type-page","3":"status-publish","5":"entry","6":"has-post-thumbnail"},"acf":[],"_links":{"self":[{"href":"https:\/\/www.texasouthouse.com\/es\/wp-json\/wp\/v2\/pages\/2676","targetHints":{"allow":["GET"]}}],"collection":[{"href":"https:\/\/www.texasouthouse.com\/es\/wp-json\/wp\/v2\/pages"}],"about":[{"href":"https:\/\/www.texasouthouse.com\/es\/wp-json\/wp\/v2\/types\/page"}],"author":[{"embeddable":true,"href":"https:\/\/www.texasouthouse.com\/es\/wp-json\/wp\/v2\/users\/2"}],"replies":[{"embeddable":true,"href":"https:\/\/www.texasouthouse.com\/es\/wp-json\/wp\/v2\/comments?post=2676"}],"version-history":[{"count":0,"href":"https:\/\/www.texasouthouse.com\/es\/wp-json\/wp\/v2\/pages\/2676\/revisions"}],"wp:attachment":[{"href":"https:\/\/www.texasouthouse.com\/es\/wp-json\/wp\/v2\/media?parent=2676"}],"curies":[{"name":"wp","href":"https:\/\/api.w.org\/{rel}","templated":true}]}}