{"id":403,"date":"2017-10-12T10:29:17","date_gmt":"2017-10-12T10:29:17","guid":{"rendered":"http:\/\/tohou.wpengine.com\/?page_id=403"},"modified":"2025-07-19T12:50:16","modified_gmt":"2025-07-19T17:50:16","slug":"remolque-banos-portatiles","status":"publish","type":"page","link":"https:\/\/www.texasouthouse.com\/es\/remolque-banos-portatiles\/","title":{"rendered":"Remolques de Ba\u00f1os"},"content":{"rendered":"","protected":false},"excerpt":{"rendered":"<p>Ofrecemos una soluci\u00f3n de ba\u00f1o port\u00e1til de lujo para su evento especial o lugar de trabajo en forma de remolques de ba\u00f1o. Todos los remolques de ba\u00f1os incluyen puestos privados, lavamanos con agua corriente, tocadores con espejos, iluminaci\u00f3n, aire acondicionado y calefacci\u00f3n, capacidades de audio y grifos de agua fr\u00eda y caliente.<\/p>\n","protected":false},"author":2,"featured_media":0,"parent":0,"menu_order":0,"comment_status":"closed","ping_status":"closed","template":"","meta":{"_acf_changed":false,"_genesis_hide_title":false,"_genesis_hide_breadcrumbs":false,"_genesis_hide_singular_image":false,"_genesis_hide_footer_widgets":false,"_genesis_custom_body_class":"","_genesis_custom_post_class":"","_genesis_layout":"","footnotes":""},"class_list":{"0":"post-403","1":"page","2":"type-page","3":"status-publish","5":"entry","6":"has-post-thumbnail"},"acf":[],"_links":{"self":[{"href":"https:\/\/www.texasouthouse.com\/es\/wp-json\/wp\/v2\/pages\/403","targetHints":{"allow":["GET"]}}],"collection":[{"href":"https:\/\/www.texasouthouse.com\/es\/wp-json\/wp\/v2\/pages"}],"about":[{"href":"https:\/\/www.texasouthouse.com\/es\/wp-json\/wp\/v2\/types\/page"}],"author":[{"embeddable":true,"href":"https:\/\/www.texasouthouse.com\/es\/wp-json\/wp\/v2\/users\/2"}],"replies":[{"embeddable":true,"href":"https:\/\/www.texasouthouse.com\/es\/wp-json\/wp\/v2\/comments?post=403"}],"version-history":[{"count":0,"href":"https:\/\/www.texasouthouse.com\/es\/wp-json\/wp\/v2\/pages\/403\/revisions"}],"wp:attachment":[{"href":"https:\/\/www.texasouthouse.com\/es\/wp-json\/wp\/v2\/media?parent=403"}],"curies":[{"name":"wp","href":"https:\/\/api.w.org\/{rel}","templated":true}]}}